{"id":3,"date":"2023-06-29T14:11:23","date_gmt":"2023-06-29T17:11:23","guid":{"rendered":"http:\/\/revistaconthato.com.br\/?page_id=3"},"modified":"2023-11-06T16:03:42","modified_gmt":"2023-11-06T19:03:42","slug":"politica-de-privacidade","status":"publish","type":"page","link":"https:\/\/revistaconthato.com.br\/index.php\/politica-de-privacidade\/","title":{"rendered":"Pol\u00edtica de privacidade"},"content":{"rendered":"\n<h2 class=\"wp-block-heading\">Quem somos<\/h2>\n\n\n\n<p>O endere\u00e7o do nosso site \u00e9: https:\/\/revistaconthato.com.br.<\/p>\n\n\n\n<h2 class=\"wp-block-heading\">Coment\u00e1rios<\/h2>\n\n\n\n<p>Quando os visitantes deixam coment\u00e1rios no site, coletamos os dados mostrados no formul\u00e1rio de coment\u00e1rios, al\u00e9m do endere\u00e7o de IP e de dados do navegador do visitante, para auxiliar na detec\u00e7\u00e3o de spam.<\/p>\n\n\n\n<p>Uma sequ\u00eancia anonimizada de caracteres criada a partir do seu e-mail (tamb\u00e9m chamada de hash) poder\u00e1 ser enviada para o Gravatar para verificar se voc\u00ea usa o servi\u00e7o. A pol\u00edtica de privacidade do Gravatar est\u00e1 dispon\u00edvel aqui: https:\/\/automattic.com\/privacy\/. Depois da aprova\u00e7\u00e3o do seu coment\u00e1rio, a foto do seu perfil fica vis\u00edvel publicamente junto de seu coment\u00e1rio.<\/p>\n\n\n\n<h2 class=\"wp-block-heading\">M\u00eddia<\/h2>\n\n\n\n<p>Se voc\u00ea envia imagens para o site, evite enviar as que contenham dados de localiza\u00e7\u00e3o incorporados (EXIF GPS). Visitantes podem baixar estas imagens do site e extrair delas seus dados de localiza\u00e7\u00e3o.<\/p>\n\n\n\n<h2 class=\"wp-block-heading\">Cookies<\/h2>\n\n\n\n<p>Ao deixar um coment\u00e1rio no site, voc\u00ea poder\u00e1 optar por salvar seu nome, e-mail e site nos cookies. Isso visa seu conforto, assim voc\u00ea n\u00e3o precisar\u00e1 preencher seus  dados novamente quando fizer outro coment\u00e1rio. Estes cookies duram um ano.<\/p>\n\n\n\n<p>Se voc\u00ea tem uma conta e acessa este site, um cookie tempor\u00e1rio ser\u00e1 criado para determinar se seu navegador aceita cookies. Ele n\u00e3o cont\u00e9m nenhum dado pessoal e ser\u00e1 descartado quando voc\u00ea fechar seu navegador.<\/p>\n\n\n\n<p>Quando voc\u00ea acessa sua conta no site, tamb\u00e9m criamos v\u00e1rios cookies para salvar os dados da sua conta e suas escolhas de exibi\u00e7\u00e3o de tela. Cookies de login s\u00e3o mantidos por dois dias e cookies de op\u00e7\u00f5es de tela por um ano. Se voc\u00ea selecionar &#8220;Lembrar-me&#8221;, seu acesso ser\u00e1 mantido por duas semanas. Se voc\u00ea se desconectar da sua conta, os cookies de login ser\u00e3o removidos.<\/p>\n\n\n\n<p>Se voc\u00ea editar ou publicar um artigo, um cookie adicional ser\u00e1 salvo no seu navegador. Este cookie n\u00e3o inclui nenhum dado pessoal e simplesmente indica o ID do post referente ao artigo que voc\u00ea acabou de editar. Ele expira depois de 1 dia.<\/p>\n\n\n\n<h2 class=\"wp-block-heading\">M\u00eddia incorporada de outros sites<\/h2>\n\n\n\n<p>Artigos neste site podem incluir conte\u00fado incorporado como, por exemplo, v\u00eddeos, imagens, artigos, etc. Conte\u00fados incorporados de outros sites se comportam exatamente da mesma forma como se o visitante estivesse visitando o outro site.<\/p>\n\n\n\n<p>Estes sites podem coletar dados sobre voc\u00ea, usar cookies, incorporar rastreamento adicional de terceiros e monitorar sua intera\u00e7\u00e3o com este conte\u00fado incorporado, incluindo sua intera\u00e7\u00e3o com o conte\u00fado incorporado se voc\u00ea tem uma conta e est\u00e1 conectado com o site.<\/p>\n\n\n\n<h2 class=\"wp-block-heading\">Com quem compartilhamos seus dados<\/h2>\n\n\n\n<p>Se voc\u00ea solicitar uma redefini\u00e7\u00e3o de senha, seu endere\u00e7o de IP ser\u00e1 inclu\u00eddo no e-mail de redefini\u00e7\u00e3o de senha.<\/p>\n\n\n\n<h2 class=\"wp-block-heading\">Por quanto tempo mantemos os seus dados<\/h2>\n\n\n\n<p>Se voc\u00ea deixar um coment\u00e1rio, o coment\u00e1rio e os seus metadados s\u00e3o conservados indefinidamente. Fazemos isso para que seja poss\u00edvel reconhecer e aprovar automaticamente qualquer coment\u00e1rio posterior ao inv\u00e9s de ret\u00ea-lo para modera\u00e7\u00e3o.<\/p>\n\n\n\n<p>Para usu\u00e1rios que se registram no nosso site (se houver), tamb\u00e9m guardamos as informa\u00e7\u00f5es pessoais que fornecem no seu perfil de usu\u00e1rio. Todos os usu\u00e1rios podem ver, editar ou excluir suas informa\u00e7\u00f5es pessoais a qualquer momento (s\u00f3 n\u00e3o \u00e9 poss\u00edvel alterar o seu username). Os administradores de sites tamb\u00e9m podem ver e editar estas informa\u00e7\u00f5es.<\/p>\n\n\n\n<h2 class=\"wp-block-heading\">Quais os seus direitos sobre seus dados<\/h2>\n\n\n\n<p>Se voc\u00ea tiver uma conta neste site ou se tiver deixado coment\u00e1rios, pode solicitar um arquivo exportado dos dados pessoais que mantemos sobre voc\u00ea, inclusive quaisquer dados que nos tenha fornecido. Tamb\u00e9m pode solicitar que removamos qualquer dado pessoal que mantemos sobre voc\u00ea. Isto n\u00e3o inclui nenhuns dados que somos obrigados a manter para prop\u00f3sitos administrativos, legais ou de seguran\u00e7a.<\/p>\n\n\n\n<h2 class=\"wp-block-heading\">Para onde enviamos seus dados<\/h2>\n\n\n\n<p>Coment\u00e1rios de visitantes podem ser marcados por um servi\u00e7o autom\u00e1tico de detec\u00e7\u00e3o de spam.<\/p>\n\n\n\n<h2 class=\"wp-block-heading\">Privacy Policy App<\/h2>\n\n\n\n<p>App Revista Conthato built the Revista Conthato app as an Ad Supported app. This SERVICE is provided by App Revista Conthato at no cost and is intended for use as is.<\/p>\n\n\n\n<p>This page is used to inform visitors regarding our policies with the collection, use, and disclosure of Personal Information if anyone decided to use our Service.<\/p>\n\n\n\n<p>If you choose to use our Service, then you agree to the collection and use of information in relation to this policy. The Personal Information that we collect is used for providing and improving the Service. We will not use or share your information with anyone except as described in this Privacy Policy.<\/p>\n\n\n\n<p>The terms used in this Privacy Policy have the same meanings as in our Terms and Conditions, which are accessible at Revista Conthato unless otherwise defined in this Privacy Policy.<\/p>\n\n\n\n<p>Information Collection and Use<\/p>\n\n\n\n<p>For a better experience, while using our Service, we may require you to provide us with certain personally identifiable information, including but not limited to Asset information, Geographical location. The information that we request will be retained by us and used as described in this privacy policy.<\/p>\n\n\n\n<p>The app does use third-party services that may collect information used to identify you.<\/p>\n\n\n\n<p>Link to the privacy policy of third-party service providers used by the app<\/p>\n\n\n\n<p>Google Play Services<\/p>\n\n\n\n<p>AdMob<\/p>\n\n\n\n<p>Google Analytics for Firebase<\/p>\n\n\n\n<p>Log Data<\/p>\n\n\n\n<p>We want to inform you that whenever you use our Service, in a case of an error in the app we collect data and information (through third-party products) on your phone called Log Data. This Log Data may include information such as your device Internet Protocol (\u201cIP\u201d) address, device name, operating system version, the configuration of the app when utilizing our Service, the time and date of your use of the Service, and other statistics.<\/p>\n\n\n\n<p>Cookies<\/p>\n\n\n\n<p>Cookies are files with a small amount of data that are commonly used as anonymous unique identifiers. These are sent to your browser from the websites that you visit and are stored on your device&#8217;s internal memory.<\/p>\n\n\n\n<p>This Service does not use these \u201ccookies\u201d explicitly. However, the app may use third-party code and libraries that use \u201ccookies\u201d to collect information and improve their services. You have the option to either accept or refuse these cookies and know when a cookie is being sent to your device. If you choose to refuse our cookies, you may not be able to use some portions of this Service.<\/p>\n\n\n\n<p>Service Providers<\/p>\n\n\n\n<p>We may employ third-party companies and individuals due to the following reasons:<\/p>\n\n\n\n<p>To facilitate our Service;<\/p>\n\n\n\n<p>To provide the Service on our behalf;<\/p>\n\n\n\n<p>To perform Service-related services; or<\/p>\n\n\n\n<p>To assist us in analyzing how our Service is used.<\/p>\n\n\n\n<p>We want to inform users of this Service that these third parties have access to their Personal Information. The reason is to perform the tasks assigned to them on our behalf. However, they are obligated not to disclose or use the information for any other purpose.<\/p>\n\n\n\n<p>Security<\/p>\n\n\n\n<p>We value your trust in providing us your Personal Information, thus we are striving to use commercially acceptable means of protecting it. But remember that no method of transmission over the internet, or method of electronic storage is 100% secure and reliable, and we cannot guarantee its absolute security.<\/p>\n\n\n\n<p>Links to Other Sites<\/p>\n\n\n\n<p>This Service may contain links to other sites. If you click on a third-party link, you will be directed to that site. Note that these external sites are not operated by us. Therefore, we strongly advise you to review the Privacy Policy of these websites. We have no control over and assume no responsibility for the content, privacy policies, or practices of any third-party sites or services.<\/p>\n\n\n\n<p>Children\u2019s Privacy<\/p>\n\n\n\n<p>These Services do not address anyone under the age of 13. We do not knowingly collect personally identifiable information from children under 13 years of age. In the case we discover that a child under 13 has provided us with personal information, we immediately delete this from our servers. If you are a parent or guardian and you are aware that your child has provided us with personal information, please contact us so that we will be able to do the necessary actions.<\/p>\n\n\n\n<p>Changes to This Privacy Policy<\/p>\n\n\n\n<p>We may update our Privacy Policy from time to time. Thus, you are advised to review this page periodically for any changes. We will notify you of any changes by posting the new Privacy Policy on this page.<\/p>\n\n\n\n<p>This policy is effective as of 2023-06-11<\/p>\n\n\n\n<p>Contact Us<\/p>\n\n\n\n<p>If you have any questions or suggestions about our Privacy Policy, do not hesitate to contact us at reportagem@revistaconthato.com.br.<\/p>\n\n\n\n<p>Pol\u00edtica de Privacidade idioma Portugu\u00eas-Br<\/p>\n\n\n\n<p>Pol\u00edtica de Privacidade<\/p>\n\n\n\n<p>O App Revista Conthato construiu o aplicativo Revista Conthato como um aplicativo Ad Supported. Este SERVI\u00c7O \u00e9 fornecido pelo App Revista Conthato sem nenhum custo e deve ser usado como est\u00e1.<\/p>\n\n\n\n<p>Esta p\u00e1gina \u00e9 usada para informar os visitantes sobre nossas pol\u00edticas de coleta, uso e divulga\u00e7\u00e3o de informa\u00e7\u00f5es pessoais, caso algu\u00e9m decida usar nosso servi\u00e7o.<\/p>\n\n\n\n<p>Se voc\u00ea optar por usar nosso Servi\u00e7o, concorda com a coleta e o uso de informa\u00e7\u00f5es relacionadas a esta pol\u00edtica. As informa\u00e7\u00f5es pessoais que coletamos s\u00e3o usadas para fornecer e melhorar o servi\u00e7o. N\u00e3o usaremos ou compartilharemos suas informa\u00e7\u00f5es com ningu\u00e9m, exceto conforme descrito nesta Pol\u00edtica de Privacidade.<\/p>\n\n\n\n<p>Os termos utilizados nesta Pol\u00edtica de Privacidade t\u00eam os mesmos significados que em nossos Termos e Condi\u00e7\u00f5es, que podem ser acessados em Revista Conthato, salvo disposi\u00e7\u00e3o em contr\u00e1rio nesta Pol\u00edtica de Privacidade.<\/p>\n\n\n\n<p>Coleta e uso de informa\u00e7\u00f5es<\/p>\n\n\n\n<p>Para uma melhor experi\u00eancia, ao usar nosso Servi\u00e7o, podemos exigir que voc\u00ea nos forne\u00e7a certas informa\u00e7\u00f5es de identifica\u00e7\u00e3o pessoal, incluindo, entre outras, informa\u00e7\u00f5es de ativos, localiza\u00e7\u00e3o geogr\u00e1fica. As informa\u00e7\u00f5es que solicitamos ser\u00e3o retidas por n\u00f3s e usadas conforme descrito nesta pol\u00edtica de privacidade.<\/p>\n\n\n\n<p>O aplicativo usa servi\u00e7os de terceiros que podem coletar informa\u00e7\u00f5es usadas para identific\u00e1-lo.<\/p>\n\n\n\n<p>Link para a pol\u00edtica de privacidade de provedores de servi\u00e7os terceirizados usados pelo app<\/p>\n\n\n\n<p>Servi\u00e7os do Google Play<\/p>\n\n\n\n<p>AdMob<\/p>\n\n\n\n<p>Google Analytics para Firebase<\/p>\n\n\n\n<p>Dados de registro<\/p>\n\n\n\n<p>Queremos informar que sempre que voc\u00ea usa nosso Servi\u00e7o, em caso de erro no aplicativo, coletamos dados e informa\u00e7\u00f5es (atrav\u00e9s de produtos de terceiros) em seu telefone chamado Log Data. Esses dados de registro podem incluir informa\u00e7\u00f5es como endere\u00e7o de protocolo de Internet (&#8220;IP&#8221;) do dispositivo, nome do dispositivo, vers\u00e3o do sistema operacional, configura\u00e7\u00e3o do aplicativo ao utilizar nosso servi\u00e7o, hora e data de uso do servi\u00e7o e outras estat\u00edsticas .<\/p>\n\n\n\n<p>Cookies<\/p>\n\n\n\n<p>Cookies s\u00e3o arquivos com uma pequena quantidade de dados que s\u00e3o comumente usados como identificadores \u00fanicos an\u00f4nimos. Estes s\u00e3o enviados para o seu navegador a partir dos sites que voc\u00ea visita e s\u00e3o armazenados na mem\u00f3ria interna do seu dispositivo.<\/p>\n\n\n\n<p>Este Servi\u00e7o n\u00e3o usa esses \u201ccookies\u201d explicitamente. No entanto, o aplicativo pode usar c\u00f3digo e bibliotecas de terceiros que usam \u201ccookies\u201d para coletar informa\u00e7\u00f5es e melhorar seus servi\u00e7os. Voc\u00ea tem a op\u00e7\u00e3o de aceitar ou recusar esses cookies e saber quando um cookie est\u00e1 sendo enviado ao seu dispositivo. Se voc\u00ea optar por recusar nossos cookies, talvez n\u00e3o consiga usar algumas partes deste Servi\u00e7o.<\/p>\n\n\n\n<p>Provedores de servi\u00e7o<\/p>\n\n\n\n<p>Podemos empregar empresas e indiv\u00edduos terceirizados devido aos seguintes motivos:<\/p>\n\n\n\n<p>Para facilitar nosso Servi\u00e7o;<\/p>\n\n\n\n<p>Para fornecer o Servi\u00e7o em nosso nome;<\/p>\n\n\n\n<p>Para realizar servi\u00e7os relacionados ao Servi\u00e7o; ou<\/p>\n\n\n\n<p>Para nos ajudar a analisar como nosso Servi\u00e7o \u00e9 usado.<\/p>\n\n\n\n<p>Queremos informar aos usu\u00e1rios deste Servi\u00e7o que esses terceiros t\u00eam acesso \u00e0s suas Informa\u00e7\u00f5es Pessoais. O motivo \u00e9 realizar as tarefas atribu\u00eddas a eles em nosso nome. No entanto, eles s\u00e3o obrigados a n\u00e3o divulgar ou usar as informa\u00e7\u00f5es para qualquer outra finalidade.<\/p>\n\n\n\n<p>Seguran\u00e7a<\/p>\n\n\n\n<p>Valorizamos sua confian\u00e7a em nos fornecer suas informa\u00e7\u00f5es pessoais, portanto, estamos nos esfor\u00e7ando para usar meios comercialmente aceit\u00e1veis de proteg\u00ea-las. Mas lembre-se que nenhum m\u00e9todo de transmiss\u00e3o pela internet, ou m\u00e9todo de armazenamento eletr\u00f4nico \u00e9 100% seguro e confi\u00e1vel, e n\u00e3o podemos garantir sua seguran\u00e7a absoluta.<\/p>\n\n\n\n<p>Links para outros sites<\/p>\n\n\n\n<p>Este Servi\u00e7o pode conter links para outros sites. Se voc\u00ea clicar em um link de terceiros, ser\u00e1 direcionado para esse site. Observe que esses sites externos n\u00e3o s\u00e3o operados por n\u00f3s. Portanto, recomendamos fortemente que voc\u00ea revise a Pol\u00edtica de Privacidade desses sites. N\u00e3o temos controle e n\u00e3o assumimos nenhuma responsabilidade pelo conte\u00fado, pol\u00edticas de privacidade ou pr\u00e1ticas de sites ou servi\u00e7os de terceiros.<\/p>\n\n\n\n<p>Privacidade das crian\u00e7as<\/p>\n\n\n\n<p>Esses Servi\u00e7os n\u00e3o se destinam a menores de 13 anos. N\u00e3o coletamos intencionalmente informa\u00e7\u00f5es de identifica\u00e7\u00e3o pessoal de crian\u00e7as menores de 13 anos. No caso de descobrirmos que uma crian\u00e7a menor de 13 anos nos forneceu informa\u00e7\u00f5es pessoais, n\u00f3s as exclu\u00edmos imediatamente de nossos servidores. Se voc\u00ea \u00e9 pai ou respons\u00e1vel e est\u00e1 ciente de que seu filho nos forneceu informa\u00e7\u00f5es pessoais, entre em contato conosco para que possamos tomar as medidas necess\u00e1rias.<\/p>\n\n\n\n<p>Mudan\u00e7as nesta Pol\u00edtica de Privacidade<\/p>\n\n\n\n<p>Podemos atualizar nossa Pol\u00edtica de Privacidade de tempos em tempos. Assim, voc\u00ea \u00e9 aconselhado a revisar esta p\u00e1gina periodicamente para quaisquer altera\u00e7\u00f5es. Iremos notific\u00e1-lo sobre quaisquer altera\u00e7\u00f5es publicando a nova Pol\u00edtica de Privacidade nesta p\u00e1gina.<\/p>\n\n\n\n<p>Esta pol\u00edtica \u00e9 efetiva a partir de 06-11-2023<\/p>\n\n\n\n<p>Contate-nos<\/p>\n","protected":false},"excerpt":{"rendered":"<p>Quem somos O endere\u00e7o do nosso site \u00e9: https:\/\/revistaconthato.com.br. Coment\u00e1rios Quando os visitantes deixam coment\u00e1rios no site, coletamos os dados mostrados no&hellip;<\/p>\n","protected":false},"author":1,"featured_media":0,"parent":0,"menu_order":0,"comment_status":"closed","ping_status":"closed","template":"","meta":{"content-type":"","footnotes":""},"class_list":["post-3","page","type-page","status-publish","hentry"],"_links":{"self":[{"href":"https:\/\/revistaconthato.com.br\/index.php\/wp-json\/wp\/v2\/pages\/3"}],"collection":[{"href":"https:\/\/revistaconthato.com.br\/index.php\/wp-json\/wp\/v2\/pages"}],"about":[{"href":"https:\/\/revistaconthato.com.br\/index.php\/wp-json\/wp\/v2\/types\/page"}],"author":[{"embeddable":true,"href":"https:\/\/revistaconthato.com.br\/index.php\/wp-json\/wp\/v2\/users\/1"}],"replies":[{"embeddable":true,"href":"https:\/\/revistaconthato.com.br\/index.php\/wp-json\/wp\/v2\/comments?post=3"}],"version-history":[{"count":8,"href":"https:\/\/revistaconthato.com.br\/index.php\/wp-json\/wp\/v2\/pages\/3\/revisions"}],"predecessor-version":[{"id":4768,"href":"https:\/\/revistaconthato.com.br\/index.php\/wp-json\/wp\/v2\/pages\/3\/revisions\/4768"}],"wp:attachment":[{"href":"https:\/\/revistaconthato.com.br\/index.php\/wp-json\/wp\/v2\/media?parent=3"}],"curies":[{"name":"wp","href":"https:\/\/api.w.org\/{rel}","templated":true}]}}